{"id":104,"date":"2020-12-02T09:51:40","date_gmt":"2020-12-02T09:51:40","guid":{"rendered":"https:\/\/www.deroanne.be\/LTDpiscines\/?page_id=104"},"modified":"2021-07-19T06:58:57","modified_gmt":"2021-07-19T06:58:57","slug":"emploi","status":"publish","type":"page","link":"https:\/\/ltdpiscines.be\/index.php\/emploi\/","title":{"rendered":"Emploi"},"content":{"rendered":"\n<p><em>LTD Finitions SPRL situ\u00e9 \u00e0 Gr\u00e2ce Hollogne est \u00e0 la recherche<\/em><strong><em> d\u2019un ouvrier-technicien avec des comp\u00e9tences en chauffage, plomberie ou sanitaire &#8211; CDI temps plein<\/em><\/strong><em> (40h\/semaine)<\/em><\/p>\n\n\n\n<p><em>Nous vous offrons :<\/em><\/p>\n\n\n\n<p>Une formation afin de pouvoir devenir technicien pisciniste et pouvoir mener rapidement \u00e0 bien les t\u00e2ches suivantes\u00a0:<\/p>\n\n\n\n<p>\u2022&nbsp;&nbsp;&nbsp;&nbsp;&nbsp;&nbsp;&nbsp;&nbsp;&nbsp;&nbsp;&nbsp;&nbsp; Coller\net souder les membranes pour piscine,<\/p>\n\n\n\n<p>\u2022&nbsp;&nbsp;&nbsp;&nbsp;&nbsp;&nbsp;&nbsp;&nbsp;&nbsp;&nbsp;&nbsp;&nbsp; Monter\ndes installations, des locaux techniques de piscine,<\/p>\n\n\n\n<p>\u2022&nbsp;&nbsp;&nbsp;&nbsp;&nbsp;&nbsp;&nbsp;&nbsp;&nbsp;&nbsp;&nbsp;&nbsp; Entretien\net traitement des eaux,<\/p>\n\n\n\n<p>\u2022&nbsp;&nbsp;&nbsp;&nbsp;&nbsp;&nbsp;&nbsp;&nbsp;&nbsp;&nbsp;&nbsp;&nbsp; V\u00e9rifier\net contr\u00f4ler l&rsquo;installation avant la mise en service,<\/p>\n\n\n\n<p>\u2022&nbsp;&nbsp;&nbsp;&nbsp;&nbsp;&nbsp;&nbsp;&nbsp;&nbsp;&nbsp;&nbsp;&nbsp; Raccorder\ndes pompes, des commandes automatiques et des \u00e9clairages,<\/p>\n\n\n\n<p>\u2022&nbsp;&nbsp;&nbsp;&nbsp;&nbsp;&nbsp;&nbsp;&nbsp;&nbsp;&nbsp;&nbsp;&nbsp; Effectuer\nles entretiens des piscines et des spas,<\/p>\n\n\n\n<p>\u2022&nbsp;&nbsp;&nbsp;&nbsp;&nbsp;&nbsp;&nbsp;&nbsp;&nbsp;&nbsp;&nbsp;&nbsp; R\u00e9parer\ndes ouvrages d\u00e9t\u00e9rior\u00e9s,<\/p>\n\n\n\n<p>\u2022&nbsp;&nbsp;&nbsp;&nbsp;&nbsp;&nbsp;&nbsp;&nbsp;&nbsp;&nbsp;&nbsp;&nbsp; Retrouver\ndes fuites,<\/p>\n\n\n\n<p>\u2022\u00a0\u00a0\u00a0\u00a0\u00a0\u00a0\u00a0\u00a0\u00a0\u00a0\u00a0\u00a0 Fermetures et ouverture des piscine<\/p>\n\n\n\n<ul class=\"wp-block-list\"><li>Installation de climatisations<\/li><\/ul>\n\n\n\n<p><\/p>\n\n\n\n<p><em>Votre profil :<\/em><\/p>\n\n\n\n<p>\u2022&nbsp;&nbsp;&nbsp;&nbsp;&nbsp;&nbsp;&nbsp;&nbsp;&nbsp;&nbsp;&nbsp;&nbsp; Vous avez de bonnes comp\u00e9tences en chauffage, plomberie ou sanitaire<\/p>\n\n\n\n<p>\u2022&nbsp;&nbsp;&nbsp;&nbsp;&nbsp;&nbsp;&nbsp;&nbsp;&nbsp;&nbsp;&nbsp;&nbsp;Vous \u00eates m\u00e9thodique, rigoureux et jusqu\u2019au boutiste<\/p>\n\n\n\n<p>\u2022&nbsp;&nbsp;&nbsp;&nbsp;&nbsp;&nbsp;&nbsp;&nbsp;&nbsp;&nbsp;&nbsp;&nbsp;Vous \u00eates enthousiaste, dynamique, bosseur et avez envie d\u2019un nouveau challenge<\/p>\n\n\n\n<p>Merci de poser votre candidature \u00e0 l\u2019adresse mail : emplois@deroanne.be<\/p>\n\n\n\n<p><\/p>\n","protected":false},"excerpt":{"rendered":"<p>LTD Finitions SPRL situ\u00e9 \u00e0 Gr\u00e2ce Hollogne est \u00e0 la recherche d\u2019un ouvrier-technicien avec des comp\u00e9tences en chauffage, plomberie ou sanitaire &#8211; [&hellip;]<\/p>\n","protected":false},"author":1,"featured_media":0,"parent":0,"menu_order":0,"comment_status":"closed","ping_status":"closed","template":"","meta":{"footnotes":""},"class_list":["post-104","page","type-page","status-publish","hentry"],"_links":{"self":[{"href":"https:\/\/ltdpiscines.be\/index.php\/wp-json\/wp\/v2\/pages\/104","targetHints":{"allow":["GET"]}}],"collection":[{"href":"https:\/\/ltdpiscines.be\/index.php\/wp-json\/wp\/v2\/pages"}],"about":[{"href":"https:\/\/ltdpiscines.be\/index.php\/wp-json\/wp\/v2\/types\/page"}],"author":[{"embeddable":true,"href":"https:\/\/ltdpiscines.be\/index.php\/wp-json\/wp\/v2\/users\/1"}],"replies":[{"embeddable":true,"href":"https:\/\/ltdpiscines.be\/index.php\/wp-json\/wp\/v2\/comments?post=104"}],"version-history":[{"count":9,"href":"https:\/\/ltdpiscines.be\/index.php\/wp-json\/wp\/v2\/pages\/104\/revisions"}],"predecessor-version":[{"id":122,"href":"https:\/\/ltdpiscines.be\/index.php\/wp-json\/wp\/v2\/pages\/104\/revisions\/122"}],"wp:attachment":[{"href":"https:\/\/ltdpiscines.be\/index.php\/wp-json\/wp\/v2\/media?parent=104"}],"curies":[{"name":"wp","href":"https:\/\/api.w.org\/{rel}","templated":true}]}}